{"id":348,"date":"2018-04-17T12:46:38","date_gmt":"2018-04-17T12:46:38","guid":{"rendered":"http:\/\/bridge223.qodeinteractive.com\/?page_id=5"},"modified":"2025-01-28T17:46:55","modified_gmt":"2025-01-28T17:46:55","slug":"home-2","status":"publish","type":"page","link":"http:\/\/bellevillefestival.com\/fr\/","title":{"rendered":"Home"},"content":{"rendered":"<p>[vc_row css_animation=&#8221;&#8221; row_type=&#8221;row&#8221; use_row_as_full_screen_section=&#8221;no&#8221; type=&#8221;full_width&#8221; angled_section=&#8221;no&#8221; text_align=&#8221;left&#8221; background_image_as_pattern=&#8221;without_pattern&#8221; css=&#8221;.vc_custom_1738076661945{margin-bottom: 100px !important;}&#8221; z_index=&#8221;&#8221;][vc_column css=&#8221;.vc_custom_1738076610218{margin-bottom: 100px !important;}&#8221;][vc_single_image image=&#8221;459&#8243; img_size=&#8221;full&#8221; alignment=&#8221;center&#8221; qode_css_animation=&#8221;&#8221;][\/vc_column][\/vc_row][vc_row css_animation=&#8221;&#8221; row_type=&#8221;row&#8221; use_row_as_full_screen_section=&#8221;no&#8221; type=&#8221;full_width&#8221; angled_section=&#8221;no&#8221; text_align=&#8221;left&#8221; background_image_as_pattern=&#8221;without_pattern&#8221;][vc_column css=&#8221;.vc_custom_1738076610218{margin-bottom: 100px !important;}&#8221;][vc_row_inner row_type=&#8221;row&#8221; type=&#8221;grid&#8221; text_align=&#8221;left&#8221; css_animation=&#8221;&#8221; css=&#8221;.vc_custom_1524229119868{margin-top: -195px !important;}&#8221;][vc_column_inner offset=&#8221;vc_col-lg-offset-0 vc_col-lg-6 vc_col-md-offset-0 vc_col-md-12 vc_col-sm-offset-0 vc_col-xs-12&#8243;][qode_elements_holder number_of_columns=&#8221;one_column&#8221;][qode_elements_holder_item advanced_animations=&#8221;no&#8221; item_padding=&#8221;0 0 0 0&#8243; item_padding_1280_1440=&#8221;0 0&#8243; item_padding_1024_1280=&#8221;0 0&#8243; item_padding_768_1024=&#8221;0 20%&#8221; item_padding_600_768=&#8221;36px 0 0 32px&#8221; item_padding_480_600=&#8221;97px 0 0 20px&#8221; item_padding_480=&#8221;97px 0 0 20px&#8221;]<div class=\"qode-banner qode-banner-va-top\"><div class=\"qode-banner-image\"><img decoding=\"async\" itemprop=\"image\" src=\"http:\/\/bellevillefestival.com\/fr\/wp-content\/uploads\/2022\/07\/banner1ww.png\" alt=\"\" \/><\/div><div class=\"qode-banner-content\"><div class=\"qode-banner-content-inner\"><div class=\"qode-banner-text-holder\">\n<h4 style=\"text-align: left;\"><span style=\"color: #53d7b4;\"> Soumission <\/span><\/h4>\n<h4 style=\"text-align: left;\"><span style=\"color: #53d7b4;\"> Vous pouvez proc\u00e9der <\/span><\/h4>\n<h4 style=\"text-align: left;\"><span style=\"color: #53d7b4;\">\u00e0 la soumission via Filmfreeway<\/span><\/h4>\n<h4 style=\"text-align: left;\"><span style=\"color: #53d7b4;\"><span style=\"color: #333333;\">[vc_empty_space height=&#8221;88px&#8221;]<\/span><br \/>\n<\/span><\/h4>\n<p>\n\n\t<a href=\"#\" target=\"_self\" style=\"color: #ffffff;font-family: Poppins;font-size: 14px;font-weight: 700;text-transform: uppercase;font-style: normal;letter-spacing: 1px\" class=\"qode-btn qode-btn-medium qode-btn-simple qode-btn-custom-hover-color qode-btn-default-hover\" data-hover-color=\"#53d7b4\" >\n\t    <span class=\"qode-btn-text\">Festival<\/span>\t<\/a>\n\n<\/div><\/div><\/div><\/div>[vc_empty_space][\/qode_elements_holder_item][\/qode_elements_holder][\/vc_column_inner][vc_column_inner offset=&#8221;vc_col-lg-offset-0 vc_col-lg-6 vc_col-md-offset-0 vc_col-md-12 vc_col-sm-offset-0 vc_col-xs-12&#8243;][qode_elements_holder number_of_columns=&#8221;one_column&#8221;][qode_elements_holder_item advanced_animations=&#8221;no&#8221; item_padding=&#8221;0 0 0 0&#8243; item_padding_1280_1440=&#8221;0 0&#8243; item_padding_1024_1280=&#8221;0 0&#8243; item_padding_768_1024=&#8221;0 20%&#8221; item_padding_600_768=&#8221;0px 0 0 32px&#8221; item_padding_480_600=&#8221;0px 0 0 20px&#8221; item_padding_480=&#8221;0px 0 0 20px&#8221;]<div class=\"qode-banner qode-banner-va-top\"><div class=\"qode-banner-image\"><img decoding=\"async\" itemprop=\"image\" src=\"http:\/\/bellevillefestival.com\/fr\/wp-content\/uploads\/2022\/07\/banner1nn.png\" alt=\"\" \/><\/div><div class=\"qode-banner-content\"><div class=\"qode-banner-content-inner\"><div class=\"qode-banner-text-holder\">\n<h4 style=\"text-align: left;\"><span style=\"color: #2b242e;\"> notre vocation est de d\u00e9couvrir <\/span><\/h4>\n<h4 style=\"text-align: left;\"><span style=\"color: #2b242e;\"> des cin\u00e9astes talentueux <\/span><\/h4>\n<p>&lt;<\/p>\n<h4 style=\"text-align: left;\"><span style=\"color: #2b242e;\">\u00e0 travers le monde et de les aider<\/span><\/h4>\n<h4 style=\"text-align: left;\"><span style=\"color: #2b242e;\">\u00e0 d\u00e9velopper leur projet<\/span><\/h4>\n<h4 style=\"text-align: left;\">[vc_empty_space height=&#8221;15px&#8221;]<\/h4>\n<p>[vc_empty_space height=&#8221;25px&#8221;]<\/p>\n\n\n\t<a href=\"#\" target=\"_self\" style=\"color: #53d7b4;font-family: Poppins;font-size: 14px;font-weight: 700;text-transform: uppercase;font-style: normal;letter-spacing: 1px\" class=\"qode-btn qode-btn-medium qode-btn-simple qode-btn-custom-hover-color qode-btn-default-hover\" data-hover-color=\"#2b242e\" >\n\t    <span class=\"qode-btn-text\">Festival<\/span>\t<\/a>\n\n\n<p>[vc_empty_space height=&#8221;5px&#8221;]<\/div><\/div><\/div><\/div>[vc_empty_space][\/qode_elements_holder_item][\/qode_elements_holder][\/vc_column_inner][\/vc_row_inner][\/vc_column][\/vc_row][vc_row css_animation=&#8221;&#8221; row_type=&#8221;row&#8221; use_row_as_full_screen_section=&#8221;no&#8221; type=&#8221;grid&#8221; angled_section=&#8221;no&#8221; text_align=&#8221;left&#8221; background_image_as_pattern=&#8221;without_pattern&#8221; z_index=&#8221;&#8221; css=&#8221;.vc_custom_1655466861749{padding-bottom: 80px !important;}&#8221;][vc_column][vc_row_inner row_type=&#8221;row&#8221; type=&#8221;grid&#8221; text_align=&#8221;center&#8221; css_animation=&#8221;&#8221; css=&#8221;.vc_custom_1524225000919{padding-top: 117px !important;}&#8221;][vc_column_inner][vc_single_image image=&#8221;28&#8243; img_size=&#8221;full&#8221; alignment=&#8221;center&#8221; qode_css_animation=&#8221;&#8221;][vc_empty_space height=&#8221;17px&#8221;][vc_column_text]<\/p>\n<h1>Vancouver Indie Film Festival<\/h1>\n<p>[\/vc_column_text][vc_empty_space height=&#8221;20px&#8221;][vc_column_text]<\/p>\n<h6 style=\"text-align: center;\">Vancouver Indie Film Festival est un \u00e9v\u00e9nement en direct c\u00e9l\u00e9brant les courts et longs m\u00e9trages. Notre mission est de mettre en lumi\u00e8re des films exceptionnels, de les pr\u00e9senter \u00e0 un v\u00e9ritable public et de les faire \u00e9valuer par des critiques professionnels.<\/h6>\n<p>[\/vc_column_text][vc_empty_space height=&#8221;45px&#8221;][\/vc_column_inner][\/vc_row_inner][\/vc_column][\/vc_row][vc_row css_animation=&#8221;&#8221; row_type=&#8221;row&#8221; use_row_as_full_screen_section=&#8221;no&#8221; type=&#8221;full_width&#8221; angled_section=&#8221;no&#8221; text_align=&#8221;left&#8221; background_image_as_pattern=&#8221;without_pattern&#8221; css=&#8221;.vc_custom_1658412614446{background: #a7a9b5 url(http:\/\/bellevillefestival.com\/fr\/wp-content\/uploads\/2022\/07\/auditorium-chairs-comfortable-concert-269140-1-600&#215;400-1.jpeg?id=368) !important;}&#8221; z_index=&#8221;&#8221;][vc_column css=&#8221;.vc_custom_1658412574444{padding-right: 0px !important;padding-left: 0px !important;background-image: url(http:\/\/bellevillefestival.com\/fr\/wp-content\/uploads\/2022\/07\/filmmaking-revolutions-1024&#215;576-1.jpeg?id=370) !important;}&#8221; offset=&#8221;vc_col-lg-offset-0 vc_col-lg-6 vc_col-md-offset-0 vc_col-md-12 vc_col-sm-offset-0 vc_col-xs-12&#8243;][qode_elements_holder number_of_columns=&#8221;one_column&#8221;][qode_elements_holder_item cover=&#8221;yes&#8221; advanced_animations=&#8221;no&#8221; background_image=&#8221;380&#8243; item_padding=&#8221;192px 0 199px 147px&#8221; item_padding_1280_1440=&#8221;108px 0 120px 80px&#8221; item_padding_1024_1280=&#8221;73px 0 93px 64px&#8221; item_padding_768_1024=&#8221;120px 0 120px 107px&#8221; item_padding_600_768=&#8221;184px 0 192px 93px&#8221; item_padding_480_600=&#8221;85px 0 105px 37px&#8221; item_padding_480=&#8221;85px 0 105px 37px&#8221;][vc_column_text]<\/p>\n<h1><span style=\"color: #53d7b4;\"> Soumission<\/span><br \/>\nVous pouvez proc\u00e9der \u00e0 la soumission via Filmfreeway<\/h1>\n<p>[\/vc_column_text][vc_empty_space height=&#8221;53px&#8221;]<a  itemprop=\"url\" href=\"\" target=\"_self\" data-hover-background-color='#2b242e' data-hover-border-color='#2b242e' data-hover-color='#ffffff' class=\"qbutton  center default\" style=\"color: #ffffff; border-color: #53d7b4; background-color: #53d7b4;\">Soumettre maintenant<\/a>[\/qode_elements_holder_item][\/qode_elements_holder][\/vc_column][vc_column css=&#8221;.vc_custom_1524225945823{padding-right: 0px !important;padding-left: 0px !important;}&#8221; offset=&#8221;vc_col-lg-offset-0 vc_col-lg-6 vc_col-md-offset-0 vc_col-md-12 vc_col-sm-offset-0 vc_col-xs-12&#8243;][qode_elements_holder number_of_columns=&#8221;one_column&#8221;][qode_elements_holder_item cover=&#8221;yes&#8221; advanced_animations=&#8221;no&#8221; background_image=&#8221;351&#8243; item_padding=&#8221;192px 0 199px 147px&#8221; item_padding_1280_1440=&#8221;108px 0 120px 80px&#8221; item_padding_1024_1280=&#8221;73px 0 93px 64px&#8221; item_padding_768_1024=&#8221;120px 0 120px 107px&#8221; item_padding_600_768=&#8221;184px 0 192px 93px&#8221; item_padding_480_600=&#8221;85px 0 105px 37px&#8221; item_padding_480=&#8221;85px 0 105px 37px&#8221;][vc_column_text]<\/p>\n<h1><span style=\"color: #53d7b4;\"> Cat\u00e9gorises <\/span><br \/>\nLe Festival Accepte Court<br \/>\nFilms de tous genres et cat\u00e9gories..<\/h1>\n<p>[\/vc_column_text][vc_empty_space height=&#8221;53px&#8221;]<a  itemprop=\"url\" href=\"\" target=\"_self\" data-hover-background-color='#2b242e' data-hover-border-color='#2b242e' data-hover-color='#ffffff' class=\"qbutton  center default\" style=\"color: #ffffff; border-color: #53d7b4; background-color: #53d7b4;\">Soumettre maintenant<\/a>[\/qode_elements_holder_item][\/qode_elements_holder][\/vc_column][\/vc_row][vc_row css_animation=&#8221;&#8221; row_type=&#8221;row&#8221; use_row_as_full_screen_section=&#8221;no&#8221; type=&#8221;grid&#8221; angled_section=&#8221;no&#8221; text_align=&#8221;center&#8221; background_image_as_pattern=&#8221;without_pattern&#8221; css=&#8221;.vc_custom_1655466839755{padding-top: 136px !important;padding-bottom: 115px !important;}&#8221; z_index=&#8221;&#8221;][vc_column][vc_single_image image=&#8221;152&#8243; img_size=&#8221;full&#8221; alignment=&#8221;center&#8221; qode_css_animation=&#8221;&#8221;][vc_empty_space height=&#8221;17px&#8221;][vc_column_text]<\/p>\n<h3>Saison en cours<\/h3>\n<p>[\/vc_column_text][vc_empty_space height=&#8221;30px&#8221;][qode_content_slider direction_nav=&#8221;no&#8221; control_nav=&#8221;yes&#8221;][qode_content_slider_item][vc_single_image image=&#8221;372&#8243; img_size=&#8221;large&#8221; alignment=&#8221;center&#8221; qode_css_animation=&#8221;&#8221;][\/qode_content_slider_item][qode_content_slider_item][vc_single_image image=&#8221;372&#8243; img_size=&#8221;large&#8221; alignment=&#8221;center&#8221; qode_css_animation=&#8221;&#8221;][\/qode_content_slider_item][qode_content_slider_item][vc_single_image image=&#8221;372&#8243; img_size=&#8221;large&#8221; alignment=&#8221;center&#8221; qode_css_animation=&#8221;&#8221;][\/qode_content_slider_item][\/qode_content_slider][\/vc_column][\/vc_row][vc_row css_animation=&#8221;&#8221; row_type=&#8221;row&#8221; use_row_as_full_screen_section=&#8221;no&#8221; type=&#8221;grid&#8221; angled_section=&#8221;no&#8221; text_align=&#8221;left&#8221; background_image_as_pattern=&#8221;without_pattern&#8221; z_index=&#8221;&#8221; css=&#8221;.vc_custom_1524225701230{padding-bottom: 120px !important;}&#8221;][vc_column][vc_row_inner row_type=&#8221;row&#8221; type=&#8221;grid&#8221; text_align=&#8221;center&#8221; css_animation=&#8221;&#8221; css=&#8221;.vc_custom_1655468392648{background-color: #651070 !important;}&#8221;][vc_column_inner][qode_elements_holder number_of_columns=&#8221;one_column&#8221;][qode_elements_holder_item advanced_animations=&#8221;no&#8221; item_padding=&#8221;70px 200px 60px 200px&#8221; item_padding_600_768=&#8221;90px 50px 90px 50px&#8221; item_padding_480_600=&#8221;90px 0px 90px 0px&#8221; item_padding_480=&#8221;90px 0px 90px 0px&#8221;][vc_column_text]<\/p>\n<h2>S&#8217;inscrire \u00e0 la Newsletter<\/h2>\n<p>[\/vc_column_text][vc_empty_space height=&#8221;50px&#8221;][vc_column_text]\n<div class=\"wpcf7 no-js\" id=\"wpcf7-f6-o1\" lang=\"en-US\" dir=\"ltr\" data-wpcf7-id=\"6\">\n<div class=\"screen-reader-response\"><p role=\"status\" aria-live=\"polite\" aria-atomic=\"true\"><\/p> <ul><\/ul><\/div>\n<form action=\"\/fr\/wp-json\/wp\/v2\/pages\/348#wpcf7-f6-o1\" method=\"post\" class=\"wpcf7-form init\" aria-label=\"Contact form\" novalidate=\"novalidate\" data-status=\"init\">\n<fieldset class=\"hidden-fields-container\"><input type=\"hidden\" name=\"_wpcf7\" value=\"6\" \/><input type=\"hidden\" name=\"_wpcf7_version\" value=\"6.1.4\" \/><input type=\"hidden\" name=\"_wpcf7_locale\" value=\"en_US\" \/><input type=\"hidden\" name=\"_wpcf7_unit_tag\" value=\"wpcf7-f6-o1\" \/><input type=\"hidden\" name=\"_wpcf7_container_post\" value=\"0\" \/><input type=\"hidden\" name=\"_wpcf7_posted_data_hash\" value=\"\" \/>\n<\/fieldset>\n<p><label> Your name<br \/>\n<span class=\"wpcf7-form-control-wrap\" data-name=\"your-name\"><input size=\"40\" maxlength=\"400\" class=\"wpcf7-form-control wpcf7-text wpcf7-validates-as-required\" aria-required=\"true\" aria-invalid=\"false\" value=\"\" type=\"text\" name=\"your-name\" \/><\/span> <\/label>\n<\/p>\n<p><label> Your email<br \/>\n<span class=\"wpcf7-form-control-wrap\" data-name=\"your-email\"><input size=\"40\" maxlength=\"400\" class=\"wpcf7-form-control wpcf7-email wpcf7-validates-as-required wpcf7-text wpcf7-validates-as-email\" aria-required=\"true\" aria-invalid=\"false\" value=\"\" type=\"email\" name=\"your-email\" \/><\/span> <\/label>\n<\/p>\n<p><label> Subject<br \/>\n<span class=\"wpcf7-form-control-wrap\" data-name=\"your-subject\"><input size=\"40\" maxlength=\"400\" class=\"wpcf7-form-control wpcf7-text wpcf7-validates-as-required\" aria-required=\"true\" aria-invalid=\"false\" value=\"\" type=\"text\" name=\"your-subject\" \/><\/span> <\/label>\n<\/p>\n<p><label> Your message (optional)<br \/>\n<span class=\"wpcf7-form-control-wrap\" data-name=\"your-message\"><textarea cols=\"40\" rows=\"10\" maxlength=\"2000\" class=\"wpcf7-form-control wpcf7-textarea\" aria-invalid=\"false\" name=\"your-message\"><\/textarea><\/span> <\/label>\n<\/p>\n<p><input class=\"wpcf7-form-control wpcf7-submit has-spinner\" type=\"submit\" value=\"Submit\" \/>\n<\/p><div class=\"wpcf7-response-output\" aria-hidden=\"true\"><\/div>\n<\/form>\n<\/div>\n[\/vc_column_text][\/qode_elements_holder_item][\/qode_elements_holder][\/vc_column_inner][\/vc_row_inner][\/vc_column][\/vc_row]<\/p>\n","protected":false},"excerpt":{"rendered":"<p>[vc_row css_animation=&#8221;&#8221; row_type=&#8221;row&#8221; use_row_as_full_screen_section=&#8221;no&#8221; type=&#8221;full_width&#8221; angled_section=&#8221;no&#8221; text_align=&#8221;left&#8221; background_image_as_pattern=&#8221;without_pattern&#8221; css=&#8221;.vc_custom_1738076661945{margin-bottom: 100px !important;}&#8221; z_index=&#8221;&#8221;][vc_column css=&#8221;.vc_custom_1738076610218{margin-bottom: 100px !important;}&#8221;][vc_single_image image=&#8221;459&#8243; img_size=&#8221;full&#8221; alignment=&#8221;center&#8221; qode_css_animation=&#8221;&#8221;][\/vc_column][\/vc_row][vc_row css_animation=&#8221;&#8221; row_type=&#8221;row&#8221; use_row_as_full_screen_section=&#8221;no&#8221; type=&#8221;full_width&#8221; angled_section=&#8221;no&#8221; text_align=&#8221;left&#8221; background_image_as_pattern=&#8221;without_pattern&#8221;][vc_column css=&#8221;.vc_custom_1738076610218{margin-bottom: 100px !important;}&#8221;][vc_row_inner row_type=&#8221;row&#8221; type=&#8221;grid&#8221; text_align=&#8221;left&#8221; css_animation=&#8221;&#8221; css=&#8221;.vc_custom_1524229119868{margin-top: -195px !important;}&#8221;][vc_column_inner offset=&#8221;vc_col-lg-offset-0 vc_col-lg-6 vc_col-md-offset-0 vc_col-md-12 vc_col-sm-offset-0 vc_col-xs-12&#8243;][qode_elements_holder number_of_columns=&#8221;one_column&#8221;][qode_elements_holder_item advanced_animations=&#8221;no&#8221; item_padding=&#8221;0&#8230;<\/p>\n","protected":false},"author":1,"featured_media":0,"parent":0,"menu_order":0,"comment_status":"closed","ping_status":"closed","template":"full_width.php","meta":{"footnotes":""},"class_list":["post-348","page","type-page","status-publish","hentry"],"_links":{"self":[{"href":"http:\/\/bellevillefestival.com\/fr\/wp-json\/wp\/v2\/pages\/348","targetHints":{"allow":["GET"]}}],"collection":[{"href":"http:\/\/bellevillefestival.com\/fr\/wp-json\/wp\/v2\/pages"}],"about":[{"href":"http:\/\/bellevillefestival.com\/fr\/wp-json\/wp\/v2\/types\/page"}],"author":[{"embeddable":true,"href":"http:\/\/bellevillefestival.com\/fr\/wp-json\/wp\/v2\/users\/1"}],"replies":[{"embeddable":true,"href":"http:\/\/bellevillefestival.com\/fr\/wp-json\/wp\/v2\/comments?post=348"}],"version-history":[{"count":20,"href":"http:\/\/bellevillefestival.com\/fr\/wp-json\/wp\/v2\/pages\/348\/revisions"}],"predecessor-version":[{"id":474,"href":"http:\/\/bellevillefestival.com\/fr\/wp-json\/wp\/v2\/pages\/348\/revisions\/474"}],"wp:attachment":[{"href":"http:\/\/bellevillefestival.com\/fr\/wp-json\/wp\/v2\/media?parent=348"}],"curies":[{"name":"wp","href":"https:\/\/api.w.org\/{rel}","templated":true}]}}