{"id":335,"date":"2022-06-17T11:03:32","date_gmt":"2022-06-17T11:03:32","guid":{"rendered":"http:\/\/bellevillefestival.com\/?page_id=335"},"modified":"2025-01-28T17:49:11","modified_gmt":"2025-01-28T17:49:11","slug":"categorises","status":"publish","type":"page","link":"http:\/\/bellevillefestival.com\/fr\/categorises\/","title":{"rendered":"Cat\u00e9gorises"},"content":{"rendered":"\t\t<div data-elementor-type=\"wp-page\" data-elementor-id=\"335\" class=\"elementor elementor-335\">\n\t\t\t\t\t\t<section class=\"elementor-section elementor-top-section elementor-element elementor-element-8dbb0c4 elementor-section-boxed elementor-section-height-default elementor-section-height-default parallax_section_no qode_elementor_container_no\" data-id=\"8dbb0c4\" data-element_type=\"section\" data-e-type=\"section\">\n\t\t\t\t\t\t<div class=\"elementor-container elementor-column-gap-default\">\n\t\t\t\t\t<div class=\"elementor-column elementor-col-100 elementor-top-column elementor-element elementor-element-efedfeb\" data-id=\"efedfeb\" data-element_type=\"column\" data-e-type=\"column\">\n\t\t\t<div class=\"elementor-widget-wrap elementor-element-populated\">\n\t\t\t\t\t\t<div class=\"elementor-element elementor-element-5843bea elementor-widget elementor-widget-text-editor\" data-id=\"5843bea\" data-element_type=\"widget\" data-e-type=\"widget\" data-widget_type=\"text-editor.default\">\n\t\t\t\t<div class=\"elementor-widget-container\">\n\t\t\t\t\t\t\t\t\t<p>Meilleur Long M\u00e9trage Canadien<\/p><p>Meilleur Court M\u00e9trage Canadien<\/p><p>Meilleur Documentaire Canadien<\/p><p>Meilleur Documentaire International<\/p><p>Meilleur Court M\u00e9trage Exp\u00e9rimental<\/p><p>Meilleur Court M\u00e9trage d\u2019Animation<\/p><p>Meilleur Micro Court M\u00e9trage<\/p><p>Meilleur R\u00e9alisateur<\/p><p>Meilleure R\u00e9alisatrice<\/p><p>Meilleur Premier R\u00e9alisateur\/R\u00e9alisatrice<\/p><p>Meilleur Acteur<\/p><p>Meilleure Actrice<\/p><p>Meilleur Producteur<\/p><p>Meilleure Cin\u00e9matographie<\/p><p>Meilleur Sc\u00e9nario<\/p><p>Meilleur Sc\u00e9nario Non Produit<\/p><p>Meilleur Monteur<\/p><p>Meilleur Compositeur de Musique<\/p><p>Meilleure Com\u00e9die<\/p><p>Meilleur Film de Science-Fiction<\/p><p>Meilleur Film d\u2019Horreur<\/p><p>Meilleur Film \u00c9tudiant<\/p><p>Meilleur Film Ind\u00e9pendant<\/p><p>Meilleur Pilote<\/p>\t\t\t\t\t\t\t\t<\/div>\n\t\t\t\t<\/div>\n\t\t\t\t\t<\/div>\n\t\t<\/div>\n\t\t\t\t\t<\/div>\n\t\t<\/section>\n\t\t\t\t<\/div>\n\t\t","protected":false},"excerpt":{"rendered":"<p>Meilleur Long M\u00e9trage Canadien Meilleur Court M\u00e9trage Canadien Meilleur Documentaire Canadien Meilleur Documentaire International Meilleur Court M\u00e9trage Exp\u00e9rimental Meilleur Court M\u00e9trage d\u2019Animation Meilleur Micro Court M\u00e9trage Meilleur R\u00e9alisateur Meilleure R\u00e9alisatrice Meilleur Premier R\u00e9alisateur\/R\u00e9alisatrice Meilleur Acteur Meilleure Actrice Meilleur Producteur Meilleure Cin\u00e9matographie Meilleur Sc\u00e9nario Meilleur Sc\u00e9nario&#8230;<\/p>\n","protected":false},"author":1,"featured_media":0,"parent":0,"menu_order":0,"comment_status":"closed","ping_status":"closed","template":"","meta":{"footnotes":""},"class_list":["post-335","page","type-page","status-publish","hentry"],"_links":{"self":[{"href":"http:\/\/bellevillefestival.com\/fr\/wp-json\/wp\/v2\/pages\/335","targetHints":{"allow":["GET"]}}],"collection":[{"href":"http:\/\/bellevillefestival.com\/fr\/wp-json\/wp\/v2\/pages"}],"about":[{"href":"http:\/\/bellevillefestival.com\/fr\/wp-json\/wp\/v2\/types\/page"}],"author":[{"embeddable":true,"href":"http:\/\/bellevillefestival.com\/fr\/wp-json\/wp\/v2\/users\/1"}],"replies":[{"embeddable":true,"href":"http:\/\/bellevillefestival.com\/fr\/wp-json\/wp\/v2\/comments?post=335"}],"version-history":[{"count":7,"href":"http:\/\/bellevillefestival.com\/fr\/wp-json\/wp\/v2\/pages\/335\/revisions"}],"predecessor-version":[{"id":462,"href":"http:\/\/bellevillefestival.com\/fr\/wp-json\/wp\/v2\/pages\/335\/revisions\/462"}],"wp:attachment":[{"href":"http:\/\/bellevillefestival.com\/fr\/wp-json\/wp\/v2\/media?parent=335"}],"curies":[{"name":"wp","href":"https:\/\/api.w.org\/{rel}","templated":true}]}}