{"id":331,"date":"2022-06-17T10:45:11","date_gmt":"2022-06-17T10:45:11","guid":{"rendered":"http:\/\/bellevillefestival.com\/?page_id=331"},"modified":"2025-01-28T17:49:13","modified_gmt":"2025-01-28T17:49:13","slug":"politique-en-matiere-de-contenu","status":"publish","type":"page","link":"http:\/\/bellevillefestival.com\/fr\/politique-en-matiere-de-contenu\/","title":{"rendered":"Politique en mati\u00e8re de contenu"},"content":{"rendered":"\t\t<div data-elementor-type=\"wp-page\" data-elementor-id=\"331\" class=\"elementor elementor-331\">\n\t\t\t\t\t\t<section class=\"elementor-section elementor-top-section elementor-element elementor-element-3cd33b6 elementor-section-boxed elementor-section-height-default elementor-section-height-default parallax_section_no qode_elementor_container_no\" data-id=\"3cd33b6\" data-element_type=\"section\" data-e-type=\"section\">\n\t\t\t\t\t\t<div class=\"elementor-container elementor-column-gap-default\">\n\t\t\t\t\t<div class=\"elementor-column elementor-col-100 elementor-top-column elementor-element elementor-element-4bfde88\" data-id=\"4bfde88\" data-element_type=\"column\" data-e-type=\"column\">\n\t\t\t<div class=\"elementor-widget-wrap elementor-element-populated\">\n\t\t\t\t\t\t<div class=\"elementor-element elementor-element-b9823a6 elementor-widget elementor-widget-text-editor\" data-id=\"b9823a6\" data-element_type=\"widget\" data-e-type=\"widget\" data-widget_type=\"text-editor.default\">\n\t\t\t\t<div class=\"elementor-widget-container\">\n\t\t\t\t\t\t\t\t\t<p><b>Nous Acceptons :<\/b><\/p><p>\u2013 Courts et longs m\u00e9trages dans les formats suivants : fiction narrative, documentaire (non-fiction), exp\u00e9rimental ou animation.<\/p><p>\u2013 Vid\u00e9oclips.<\/p><p>\u2013 S\u00e9ries Web\/TV (y compris les pilotes).<\/p><p>\u2013 Sc\u00e9narios courts.<\/p><p>\u00a0<\/p><p><b>Lors de la soumission de votre film, veuillez noter :<\/b><\/p><p>\u2013 En soumettant votre film, vous acceptez que nous utilisions certains \u00e9l\u00e9ments de votre film (y compris la bande-annonce, la pr\u00e9-bande-annonce, l&#8217;affiche du film et les images) \u00e0 des fins promotionnelles.<\/p><p>\u2013 Les frais d&#8217;inscription ne sont pas remboursables.<\/p><p>\u2013 Les r\u00e9alisateurs peuvent soumettre plusieurs films, et chaque film peut \u00eatre soumis dans plusieurs cat\u00e9gories.<\/p><p>\u2013 Les films doivent \u00eatre sous-titr\u00e9s en anglais ou en fran\u00e7ais, sauf si la langue parl\u00e9e est d\u00e9j\u00e0 l&#8217;anglais ou le fran\u00e7ais. Les sc\u00e9narios doivent \u00e9galement \u00eatre r\u00e9dig\u00e9s en anglais ou en fran\u00e7ais.<\/p><p>\u00a0<\/p><p><b>Nous N\u2019Acceptons Pas :<\/b><\/p><p><span class=\"Apple-converted-space\">\u00a0<\/span>1 Vid\u00e9os amateurs.<\/p><p><span class=\"Apple-converted-space\">\u00a0<\/span>2 Contenus faisant la promotion d&#8217;id\u00e9ologies extr\u00e9mistes ou de propagande provenant d&#8217;organisations religieuses ou politiques.<\/p><p><span class=\"Apple-converted-space\">\u00a0<\/span>3 Films servant une agenda politique.<\/p><p><span class=\"Apple-converted-space\">\u00a0<\/span>4 Films de faible qualit\u00e9 de production (ex. : mauvaise qualit\u00e9 sonore, absence de sous-titres pour les films non anglophones ou non francophones, qualit\u00e9 d&#8217;image basse r\u00e9solution).<\/p>\t\t\t\t\t\t\t\t<\/div>\n\t\t\t\t<\/div>\n\t\t\t\t\t<\/div>\n\t\t<\/div>\n\t\t\t\t\t<\/div>\n\t\t<\/section>\n\t\t\t\t<\/div>\n\t\t","protected":false},"excerpt":{"rendered":"<p>Nous Acceptons : \u2013 Courts et longs m\u00e9trages dans les formats suivants : fiction narrative, documentaire (non-fiction), exp\u00e9rimental ou animation. \u2013 Vid\u00e9oclips. \u2013 S\u00e9ries Web\/TV (y compris les pilotes). \u2013 Sc\u00e9narios courts. \u00a0 Lors de la soumission de votre film, veuillez noter : \u2013 En&#8230;<\/p>\n","protected":false},"author":1,"featured_media":0,"parent":0,"menu_order":0,"comment_status":"closed","ping_status":"closed","template":"","meta":{"footnotes":""},"class_list":["post-331","page","type-page","status-publish","hentry"],"_links":{"self":[{"href":"http:\/\/bellevillefestival.com\/fr\/wp-json\/wp\/v2\/pages\/331","targetHints":{"allow":["GET"]}}],"collection":[{"href":"http:\/\/bellevillefestival.com\/fr\/wp-json\/wp\/v2\/pages"}],"about":[{"href":"http:\/\/bellevillefestival.com\/fr\/wp-json\/wp\/v2\/types\/page"}],"author":[{"embeddable":true,"href":"http:\/\/bellevillefestival.com\/fr\/wp-json\/wp\/v2\/users\/1"}],"replies":[{"embeddable":true,"href":"http:\/\/bellevillefestival.com\/fr\/wp-json\/wp\/v2\/comments?post=331"}],"version-history":[{"count":7,"href":"http:\/\/bellevillefestival.com\/fr\/wp-json\/wp\/v2\/pages\/331\/revisions"}],"predecessor-version":[{"id":465,"href":"http:\/\/bellevillefestival.com\/fr\/wp-json\/wp\/v2\/pages\/331\/revisions\/465"}],"wp:attachment":[{"href":"http:\/\/bellevillefestival.com\/fr\/wp-json\/wp\/v2\/media?parent=331"}],"curies":[{"name":"wp","href":"https:\/\/api.w.org\/{rel}","templated":true}]}}