{"id":202,"date":"2018-04-20T08:18:44","date_gmt":"2018-04-20T08:18:44","guid":{"rendered":"http:\/\/bridge223.qodeinteractive.com\/?page_id=202"},"modified":"2025-01-28T17:48:12","modified_gmt":"2025-01-28T17:48:12","slug":"a-propos-du-festival","status":"publish","type":"page","link":"http:\/\/bellevillefestival.com\/fr\/a-propos-du-festival\/","title":{"rendered":"\u00c0 propos du festival"},"content":{"rendered":"<p>[vc_row css_animation=&#8221;&#8221; row_type=&#8221;row&#8221; use_row_as_full_screen_section=&#8221;no&#8221; type=&#8221;grid&#8221; angled_section=&#8221;no&#8221; text_align=&#8221;left&#8221; background_image_as_pattern=&#8221;without_pattern&#8221; z_index=&#8221;&#8221; css=&#8221;.vc_custom_1524215365770{padding-top: 99px !important;padding-bottom: 95px !important;}&#8221;][vc_column offset=&#8221;vc_col-lg-offset-0 vc_col-lg-6 vc_col-md-offset-0 vc_col-md-6 vc_col-sm-offset-0 vc_col-xs-12&#8243;][vc_empty_space height=&#8221;26px&#8221;][vc_column_text]<\/p>\n<h3>\u00c0 propos du festival<\/h3>\n<p>[\/vc_column_text][vc_empty_space height=&#8221;23px&#8221;][vc_column_text css=&#8221;.vc_custom_1738073600639{margin-top: -5px !important;}&#8221;]<b>Vancouver Indie Film Festival<\/b> est un \u00e9v\u00e9nement en direct c\u00e9l\u00e9brant les courts et longs m\u00e9trages. Notre mission est de mettre en lumi\u00e8re des films exceptionnels, de les pr\u00e9senter \u00e0 un v\u00e9ritable public et de les faire \u00e9valuer par des critiques professionnels. Parall\u00e8lement, nous visons \u00e0 offrir aux spectateurs une occasion unique de d\u00e9couvrir une s\u00e9lection \u00e9clectique de films qu&#8217;ils ne pourraient pas rencontrer ailleurs.<\/p>\n<p>Faire partie de notre <b>s\u00e9lection officielle<\/b> apporte une grande valeur ajout\u00e9e \u00e0 un film, et nous esp\u00e9rons que cela ouvre la voie \u00e0 d&#8217;autres opportunit\u00e9s, comme remporter des prix et gagner en reconnaissance dans l&#8217;industrie. Pour participer, les r\u00e9alisateurs doivent d&#8217;abord choisir une ou plusieurs cat\u00e9gories et soumettre leurs films. Le jury examine ensuite les soumissions pour s\u00e9lectionner les demi-finalistes. Les cin\u00e9astes demi-finalistes sont inform\u00e9s par e-mail.<\/p>\n<p>Par la suite, le jury r\u00e9\u00e9value les courts m\u00e9trages demi-finalistes et d\u00e9termine les gagnants dans chaque cat\u00e9gorie. La liste des gagnants est publi\u00e9e sur les r\u00e9seaux sociaux ainsi que sur notre site officiel, et les r\u00e9alisateurs sont notifi\u00e9s par e-mail. Enfin, certains projets gagnants seront s\u00e9lectionn\u00e9s pour \u00eatre inclus dans notre <b>\u00e9v\u00e9nement en direct<\/b>, leur offrant une opportunit\u00e9 exclusive de visibilit\u00e9 suppl\u00e9mentaire.[\/vc_column_text][vc_empty_space height=&#8221;36px&#8221;][\/vc_column][vc_column offset=&#8221;vc_col-lg-offset-0 vc_col-lg-6 vc_col-md-offset-0 vc_col-md-6 vc_col-sm-offset-0 vc_col-xs-12&#8243;][vc_single_image image=&#8221;368&#8243; img_size=&#8221;full&#8221; qode_css_animation=&#8221;&#8221;][\/vc_column][\/vc_row]<\/p>\n","protected":false},"excerpt":{"rendered":"<p>[vc_row css_animation=&#8221;&#8221; row_type=&#8221;row&#8221; use_row_as_full_screen_section=&#8221;no&#8221; type=&#8221;grid&#8221; angled_section=&#8221;no&#8221; text_align=&#8221;left&#8221; background_image_as_pattern=&#8221;without_pattern&#8221; z_index=&#8221;&#8221; css=&#8221;.vc_custom_1524215365770{padding-top: 99px !important;padding-bottom: 95px !important;}&#8221;][vc_column offset=&#8221;vc_col-lg-offset-0 vc_col-lg-6 vc_col-md-offset-0 vc_col-md-6 vc_col-sm-offset-0 vc_col-xs-12&#8243;][vc_empty_space height=&#8221;26px&#8221;][vc_column_text] \u00c0 propos du festival [\/vc_column_text][vc_empty_space height=&#8221;23px&#8221;][vc_column_text css=&#8221;.vc_custom_1738073600639{margin-top: -5px !important;}&#8221;]Vancouver Indie Film Festival est un \u00e9v\u00e9nement en direct c\u00e9l\u00e9brant les courts et longs m\u00e9trages. Notre&#8230;<\/p>\n","protected":false},"author":1,"featured_media":0,"parent":0,"menu_order":0,"comment_status":"closed","ping_status":"closed","template":"full_width.php","meta":{"footnotes":""},"class_list":["post-202","page","type-page","status-publish","hentry"],"_links":{"self":[{"href":"http:\/\/bellevillefestival.com\/fr\/wp-json\/wp\/v2\/pages\/202","targetHints":{"allow":["GET"]}}],"collection":[{"href":"http:\/\/bellevillefestival.com\/fr\/wp-json\/wp\/v2\/pages"}],"about":[{"href":"http:\/\/bellevillefestival.com\/fr\/wp-json\/wp\/v2\/types\/page"}],"author":[{"embeddable":true,"href":"http:\/\/bellevillefestival.com\/fr\/wp-json\/wp\/v2\/users\/1"}],"replies":[{"embeddable":true,"href":"http:\/\/bellevillefestival.com\/fr\/wp-json\/wp\/v2\/comments?post=202"}],"version-history":[{"count":7,"href":"http:\/\/bellevillefestival.com\/fr\/wp-json\/wp\/v2\/pages\/202\/revisions"}],"predecessor-version":[{"id":457,"href":"http:\/\/bellevillefestival.com\/fr\/wp-json\/wp\/v2\/pages\/202\/revisions\/457"}],"wp:attachment":[{"href":"http:\/\/bellevillefestival.com\/fr\/wp-json\/wp\/v2\/media?parent=202"}],"curies":[{"name":"wp","href":"https:\/\/api.w.org\/{rel}","templated":true}]}}